{"id":124,"date":"2021-03-27T00:51:04","date_gmt":"2021-03-26T23:51:04","guid":{"rendered":"http:\/\/dr-weirer.at\/?page_id=124"},"modified":"2024-05-24T10:15:29","modified_gmt":"2024-05-24T09:15:29","slug":"leistungen","status":"publish","type":"page","link":"https:\/\/dr-weirer.at\/?page_id=124","title":{"rendered":"Leistungen"},"content":{"rendered":"\n<h2 class=\"wp-block-heading\">Haus\u00e4rztliche Betreuung<\/h2>\n\n\n\n<p>F\u00fcr vorhersehbare Hausbesuche bitten wir um rechtzeitige telefonische Voranmeldung!<\/p>\n\n\n\n<h2 class=\"wp-block-heading\">Akutversorgung<\/h2>\n\n\n\n<p>Aufgrund der vorhandenen Ausbildung, Erfahrung und Ausr\u00fcstung ist es uns m\u00f6glich, rasche fachliche Hilfe bei Akutf\u00e4llen zu leisten.<\/p>\n\n\n\n<h2 class=\"wp-block-heading\">Laboruntersuchungen<\/h2>\n\n\n\n<ul class=\"wp-block-list\">\n<li>Thrombotest bei der Einnahme von Sintrom oder Marcoumar<\/li>\n\n\n\n<li>Blutuntersuchungen<\/li>\n\n\n\n<li>Harnbefunde<\/li>\n\n\n\n<li>Stuhluntersuchungen<\/li>\n\n\n\n<li>Abstriche<\/li>\n\n\n\n<li>Diverse Notfallparameter<\/li>\n<\/ul>\n\n\n\n<p>F\u00fcr Routineuntersuchungen bitten wir um <strong>rechtzeitige Voranmeldung.<\/strong><\/p>\n\n\n\n<h2 class=\"wp-block-heading\">EKG<\/h2>\n\n\n\n<p>Elektrokardiogramm &#8211; eine weiterf\u00fchrende Untersuchung des Herzens.<\/p>\n\n\n\n<h2 class=\"wp-block-heading\">Kleine Chirurgie<\/h2>\n\n\n\n<ul class=\"wp-block-list\">\n<li>Wundversorgung<\/li>\n\n\n\n<li>Operative Entfernung diverser Hautver\u00e4nderungen<\/li>\n\n\n\n<li>Nahtentfernung<\/li>\n<\/ul>\n\n\n\n<h2 class=\"wp-block-heading\">Spirometrie<\/h2>\n\n\n\n<p>Unter Spirometrie versteht man die Durchf\u00fchrung eines Lungenfunktionstests.<\/p>\n\n\n\n<h2 class=\"wp-block-heading\">Venen<\/h2>\n\n\n\n<ul class=\"wp-block-list\">\n<li>Ulcusbehandlungen (&#8222;offener Fu\u00df&#8220;)<\/li>\n\n\n\n<li>Krampfadernversorgung<\/li>\n<\/ul>\n\n\n\n<h2 class=\"wp-block-heading\">Durchblutung<\/h2>\n\n\n\n<p>Messung der Durchblutung der Beine mittels Dopplerultraschall.<\/p>\n\n\n\n<h2 class=\"wp-block-heading\">Eltern-Kind-Pass-Untersuchung<\/h2>\n\n\n\n<p>Wir haben einen eigenen Kinderuntersuchungsraum, wo es uns m\u00f6glich ist, unsere kleinen Patienten in angenehmer Umgebung besonders aufmerksam zu untersuchen.<br><br>Untersuchungstermine im Rahmen des Eltern-Kind-Passes:<\/p>\n\n\n\n<h4 class=\"wp-block-heading\">Neun allgemeine Untersuchungen<\/h4>\n\n\n\n<p>1. Untersuchung: 1. bis 7. Lebenstag<br>2. Untersuchung: 4. bis 7. Lebenswoche<br>3. Untersuchung: 3. bis 5. Lebensmonat<br>4. Untersuchung: 7. bis 9. Lebensmonat<br>5. Untersuchung: 10. bis 14. Lebensmonat<br>6. Untersuchung: 22. bis 26. Lebensmonat<br>7. Untersuchung: 34. bis 38. Lebensmonat<br>8. Untersuchung: 45. bis 50. Lebensmonat<br>9. Untersuchung: 58. bis 62. Lebensmonat<\/p>\n\n\n\n<h4 class=\"wp-block-heading\">Sechs Spezialuntersuchungen<\/h4>\n\n\n\n<p>1. H\u00fcftultraschall-Untersuchung: 1. bis 7. Lebenstag<br>2. Orthop\u00e4dische Untersuchung: 4. bis 7. Lebenswoche<br>3. H\u00fcftultraschall-Untersuchung: 6. bis 8. Lebenswoche<br>4. HNO-Untersuchung: 7. bis 9. Lebensmonat<br>5. Augen-Untersuchung: 10. bis 14. Lebensmonat<br>6. Augen-Untersuchung: 22. bis 26. Lebensmonat (Augenarzt)<\/p>\n\n\n\n<h2 class=\"wp-block-heading\">Individuelle Gesundenuntersuchung<\/h2>\n\n\n\n<p>Diese Untersuchung wird speziell auf die Bed\u00fcrfnisse und Risiken des jeweiligen Patienten abgestimmt.<\/p>\n\n\n\n<h2 class=\"wp-block-heading\">Impfberatung<\/h2>\n\n\n\n<ul class=\"wp-block-list\">\n<li>Kinderimpfungen<\/li>\n\n\n\n<li>Reiseimpfungen: Erstellung eines individuellen Impfplanes je nach Reiseziel und -dauer<\/li>\n<\/ul>\n","protected":false},"excerpt":{"rendered":"<p>Haus\u00e4rztliche Betreuung F\u00fcr vorhersehbare Hausbesuche bitten wir um rechtzeitige telefonische Voranmeldung! Akutversorgung Aufgrund der vorhandenen Ausbildung, Erfahrung und Ausr\u00fcstung ist es uns m\u00f6glich, rasche fachliche Hilfe bei Akutf\u00e4llen zu leisten. Laboruntersuchungen F\u00fcr Routineuntersuchungen bitten wir um rechtzeitige Voranmeldung. EKG Elektrokardiogramm &#8211; eine weiterf\u00fchrende Untersuchung des Herzens. Kleine Chirurgie Spirometrie Unter Spirometrie versteht man die Durchf\u00fchrung eines Lungenfunktionstests. Venen Durchblutung Messung [&hellip;]<\/p>\n","protected":false},"author":1,"featured_media":0,"parent":0,"menu_order":0,"comment_status":"closed","ping_status":"closed","template":"","meta":{"footnotes":""},"class_list":["post-124","page","type-page","status-publish","hentry"],"_links":{"self":[{"href":"https:\/\/dr-weirer.at\/index.php?rest_route=\/wp\/v2\/pages\/124","targetHints":{"allow":["GET"]}}],"collection":[{"href":"https:\/\/dr-weirer.at\/index.php?rest_route=\/wp\/v2\/pages"}],"about":[{"href":"https:\/\/dr-weirer.at\/index.php?rest_route=\/wp\/v2\/types\/page"}],"author":[{"embeddable":true,"href":"https:\/\/dr-weirer.at\/index.php?rest_route=\/wp\/v2\/users\/1"}],"replies":[{"embeddable":true,"href":"https:\/\/dr-weirer.at\/index.php?rest_route=%2Fwp%2Fv2%2Fcomments&post=124"}],"version-history":[{"count":13,"href":"https:\/\/dr-weirer.at\/index.php?rest_route=\/wp\/v2\/pages\/124\/revisions"}],"predecessor-version":[{"id":755,"href":"https:\/\/dr-weirer.at\/index.php?rest_route=\/wp\/v2\/pages\/124\/revisions\/755"}],"wp:attachment":[{"href":"https:\/\/dr-weirer.at\/index.php?rest_route=%2Fwp%2Fv2%2Fmedia&parent=124"}],"curies":[{"name":"wp","href":"https:\/\/api.w.org\/{rel}","templated":true}]}}