{"id":155,"date":"2021-03-27T01:58:19","date_gmt":"2021-03-27T00:58:19","guid":{"rendered":"http:\/\/dr-weirer.at\/?page_id=155"},"modified":"2021-03-29T15:23:56","modified_gmt":"2021-03-29T14:23:56","slug":"ordination","status":"publish","type":"page","link":"https:\/\/dr-weirer.at\/?page_id=155","title":{"rendered":"Ordination"},"content":{"rendered":"\n<div class=\"wp-block-media-text alignwide is-stacked-on-mobile\"><figure class=\"wp-block-media-text__media\"><img loading=\"lazy\" decoding=\"async\" width=\"650\" height=\"250\" src=\"https:\/\/dr-weirer.at\/wp-content\/uploads\/2021\/03\/anmelde.jpg\" alt=\"Anmelde\" class=\"wp-image-59 size-full\" srcset=\"https:\/\/dr-weirer.at\/wp-content\/uploads\/2021\/03\/anmelde.jpg 650w, https:\/\/dr-weirer.at\/wp-content\/uploads\/2021\/03\/anmelde-300x115.jpg 300w\" sizes=\"auto, (max-width: 650px) 100vw, 650px\" \/><\/figure><div class=\"wp-block-media-text__content\">\n<p class=\"has-large-font-size\">Anmeldung<\/p>\n<\/div><\/div>\n\n\n\n<div class=\"wp-block-media-text alignwide has-media-on-the-right is-stacked-on-mobile\"><figure class=\"wp-block-media-text__media\"><img loading=\"lazy\" decoding=\"async\" width=\"650\" height=\"250\" src=\"https:\/\/dr-weirer.at\/wp-content\/uploads\/2021\/03\/warteraum.jpg\" alt=\"Warteraum\" class=\"wp-image-61 size-full\" srcset=\"https:\/\/dr-weirer.at\/wp-content\/uploads\/2021\/03\/warteraum.jpg 650w, https:\/\/dr-weirer.at\/wp-content\/uploads\/2021\/03\/warteraum-300x115.jpg 300w\" sizes=\"auto, (max-width: 650px) 100vw, 650px\" \/><\/figure><div class=\"wp-block-media-text__content\">\n<p class=\"has-text-align-right has-large-font-size\">Warteraum<\/p>\n<\/div><\/div>\n\n\n\n<div class=\"wp-block-media-text alignwide is-stacked-on-mobile\"><figure class=\"wp-block-media-text__media\"><img loading=\"lazy\" decoding=\"async\" width=\"650\" height=\"250\" src=\"https:\/\/dr-weirer.at\/wp-content\/uploads\/2021\/03\/arzt.jpg\" alt=\"Ordination\" class=\"wp-image-67 size-full\" srcset=\"https:\/\/dr-weirer.at\/wp-content\/uploads\/2021\/03\/arzt.jpg 650w, https:\/\/dr-weirer.at\/wp-content\/uploads\/2021\/03\/arzt-300x115.jpg 300w\" sizes=\"auto, (max-width: 650px) 100vw, 650px\" \/><\/figure><div class=\"wp-block-media-text__content\">\n<p class=\"has-large-font-size\">Ordination<\/p>\n<\/div><\/div>\n\n\n\n<div class=\"wp-block-media-text alignwide has-media-on-the-right is-stacked-on-mobile\"><figure class=\"wp-block-media-text__media\"><img loading=\"lazy\" decoding=\"async\" width=\"650\" height=\"250\" src=\"https:\/\/dr-weirer.at\/wp-content\/uploads\/2021\/03\/kinder.jpg\" alt=\"Kinderzimmer\" class=\"wp-image-56 size-full\" srcset=\"https:\/\/dr-weirer.at\/wp-content\/uploads\/2021\/03\/kinder.jpg 650w, https:\/\/dr-weirer.at\/wp-content\/uploads\/2021\/03\/kinder-300x115.jpg 300w\" sizes=\"auto, (max-width: 650px) 100vw, 650px\" \/><\/figure><div class=\"wp-block-media-text__content\">\n<p class=\"has-text-align-right has-large-font-size\">Kinderzimmer<\/p>\n<\/div><\/div>\n\n\n\n<div class=\"wp-block-media-text alignwide is-stacked-on-mobile\"><figure class=\"wp-block-media-text__media\"><img loading=\"lazy\" decoding=\"async\" width=\"650\" height=\"250\" src=\"https:\/\/dr-weirer.at\/wp-content\/uploads\/2021\/03\/therapie.jpg\" alt=\"Therapier\u00e4ume\" class=\"wp-image-78 size-full\" srcset=\"https:\/\/dr-weirer.at\/wp-content\/uploads\/2021\/03\/therapie.jpg 650w, https:\/\/dr-weirer.at\/wp-content\/uploads\/2021\/03\/therapie-300x115.jpg 300w\" sizes=\"auto, (max-width: 650px) 100vw, 650px\" \/><\/figure><div class=\"wp-block-media-text__content\">\n<p class=\"has-large-font-size\">Therapier\u00e4ume<\/p>\n<\/div><\/div>\n\n\n\n<div class=\"wp-block-media-text alignwide has-media-on-the-right is-stacked-on-mobile\"><figure class=\"wp-block-media-text__media\"><img loading=\"lazy\" decoding=\"async\" width=\"650\" height=\"250\" src=\"https:\/\/dr-weirer.at\/wp-content\/uploads\/2021\/03\/labor.jpg\" alt=\"Labor\" class=\"wp-image-79 size-full\" srcset=\"https:\/\/dr-weirer.at\/wp-content\/uploads\/2021\/03\/labor.jpg 650w, https:\/\/dr-weirer.at\/wp-content\/uploads\/2021\/03\/labor-300x115.jpg 300w\" sizes=\"auto, (max-width: 650px) 100vw, 650px\" \/><\/figure><div class=\"wp-block-media-text__content\">\n<p class=\"has-text-align-right has-large-font-size\">Labor<\/p>\n<\/div><\/div>\n\n\n\n<div class=\"wp-block-media-text alignwide is-stacked-on-mobile\"><figure class=\"wp-block-media-text__media\"><img loading=\"lazy\" decoding=\"async\" width=\"650\" height=\"250\" src=\"https:\/\/dr-weirer.at\/wp-content\/uploads\/2021\/03\/massage.jpg\" alt=\"Massage\" class=\"wp-image-73 size-full\" srcset=\"https:\/\/dr-weirer.at\/wp-content\/uploads\/2021\/03\/massage.jpg 650w, https:\/\/dr-weirer.at\/wp-content\/uploads\/2021\/03\/massage-300x115.jpg 300w\" sizes=\"auto, (max-width: 650px) 100vw, 650px\" \/><\/figure><div class=\"wp-block-media-text__content\">\n<p class=\"has-large-font-size\">Massage<\/p>\n<\/div><\/div>\n\n\n\n<h2 class=\"wp-block-heading\">Geschichte<\/h2>\n\n\n\n<div class=\"wp-block-media-text alignwide is-stacked-on-mobile is-vertically-aligned-top\" style=\"grid-template-columns:15% auto\"><figure class=\"wp-block-media-text__media\"><img loading=\"lazy\" decoding=\"async\" width=\"100\" height=\"134\" src=\"https:\/\/dr-weirer.at\/wp-content\/uploads\/2021\/03\/vorgaenger_kl.jpg\" alt=\"Dr. Friedrich Straganz\" class=\"wp-image-178 size-full\"\/><\/figure><div class=\"wp-block-media-text__content\">\n<p>Wir haben die Ordination von unserem Vorg\u00e4nger Dr. Friedrich Straganz \u00fcbernommen, der im Juni 1996 in den wohlverdienten Ruhestand getreten ist. Nach nur 2-w\u00f6chiger Umbauphase haben wir die Ordination am 15. Juli 1996 in den R\u00e4umlichkeiten des Fuhrhofs er\u00f6ffnet. Aufgrund akuten Platzmangels errichteten wir im Jahr 2005 ein neues Ordinationsgeb\u00e4ude.<\/p>\n<\/div><\/div>\n\n\n\n<figure class=\"wp-block-image size-large is-resized\"><img loading=\"lazy\" decoding=\"async\" src=\"https:\/\/dr-weirer.at\/wp-content\/uploads\/2021\/03\/alt.jpg\" alt=\"Umbau\" class=\"wp-image-72\" width=\"837\" height=\"309\" srcset=\"https:\/\/dr-weirer.at\/wp-content\/uploads\/2021\/03\/alt.jpg 650w, https:\/\/dr-weirer.at\/wp-content\/uploads\/2021\/03\/alt-300x111.jpg 300w\" sizes=\"auto, (max-width: 837px) 100vw, 837px\" \/><figcaption>Alte Ordination<\/figcaption><\/figure>\n","protected":false},"excerpt":{"rendered":"<p>Anmeldung Warteraum Ordination Kinderzimmer Therapier\u00e4ume Labor Massage Geschichte Wir haben die Ordination von unserem Vorg\u00e4nger Dr. Friedrich Straganz \u00fcbernommen, der im Juni 1996 in den wohlverdienten Ruhestand getreten ist. Nach nur 2-w\u00f6chiger Umbauphase haben wir die Ordination am 15. Juli 1996 in den R\u00e4umlichkeiten des Fuhrhofs er\u00f6ffnet. Aufgrund akuten Platzmangels errichteten wir im Jahr 2005 ein neues Ordinationsgeb\u00e4ude.<\/p>\n","protected":false},"author":1,"featured_media":315,"parent":0,"menu_order":0,"comment_status":"closed","ping_status":"closed","template":"","meta":{"footnotes":""},"class_list":["post-155","page","type-page","status-publish","has-post-thumbnail","hentry"],"_links":{"self":[{"href":"https:\/\/dr-weirer.at\/index.php?rest_route=\/wp\/v2\/pages\/155","targetHints":{"allow":["GET"]}}],"collection":[{"href":"https:\/\/dr-weirer.at\/index.php?rest_route=\/wp\/v2\/pages"}],"about":[{"href":"https:\/\/dr-weirer.at\/index.php?rest_route=\/wp\/v2\/types\/page"}],"author":[{"embeddable":true,"href":"https:\/\/dr-weirer.at\/index.php?rest_route=\/wp\/v2\/users\/1"}],"replies":[{"embeddable":true,"href":"https:\/\/dr-weirer.at\/index.php?rest_route=%2Fwp%2Fv2%2Fcomments&post=155"}],"version-history":[{"count":5,"href":"https:\/\/dr-weirer.at\/index.php?rest_route=\/wp\/v2\/pages\/155\/revisions"}],"predecessor-version":[{"id":453,"href":"https:\/\/dr-weirer.at\/index.php?rest_route=\/wp\/v2\/pages\/155\/revisions\/453"}],"wp:featuredmedia":[{"embeddable":true,"href":"https:\/\/dr-weirer.at\/index.php?rest_route=\/wp\/v2\/media\/315"}],"wp:attachment":[{"href":"https:\/\/dr-weirer.at\/index.php?rest_route=%2Fwp%2Fv2%2Fmedia&parent=155"}],"curies":[{"name":"wp","href":"https:\/\/api.w.org\/{rel}","templated":true}]}}