{"id":200,"date":"2021-03-27T02:24:22","date_gmt":"2021-03-27T01:24:22","guid":{"rendered":"http:\/\/dr-weirer.at\/?page_id=200"},"modified":"2021-03-27T02:31:47","modified_gmt":"2021-03-27T01:31:47","slug":"massagen","status":"publish","type":"page","link":"https:\/\/dr-weirer.at\/?page_id=200","title":{"rendered":"Massagen"},"content":{"rendered":"\n<p>Erstanmeldung in der Ordination, jede weitere Behandlung wird mit dem Masseur pers\u00f6nlich vereinbart.<\/p>\n\n\n\n<p><strong>Bitte mitbringen:<\/strong> Leintuch oder Badetuch und kleines Handtuch<br><br><strong>Privatleistung!<\/strong><\/p>\n\n\n\n<h2 class=\"wp-block-heading\">Klassische Massagen<\/h2>\n\n\n\n<h3 class=\"wp-block-heading\">Teilmassage (25 min)<\/h3>\n\n\n\n<p>Bestimmte K\u00f6rperteile (R\u00fccken, Arme, Kopf, &#8230;) werden besonders intensiv behandelt.<\/p>\n\n\n\n<h3 class=\"wp-block-heading\">Ganzk\u00f6rpermassage (50 min)<\/h3>\n\n\n\n<p>Lockerung des gesamten Muskelapparates. Durch gesteigerte Durchblutung wird das Gewebe besser ern\u00e4hrt und entschlackt.<\/p>\n\n\n\n<h2 class=\"wp-block-heading\">Fu\u00dfreflexzonenmassage (25 min)<\/h2>\n\n\n\n<p>Durch Anregen oder Beruhigen bestimmter Zonen am Fu\u00df k\u00f6nnen alle Organe und K\u00f6rperteile beeinflusst werden.<\/p>\n\n\n\n<h2 class=\"wp-block-heading\">Manuelle Lymphdrainage (25 min \/ 50 min)<\/h2>\n\n\n\n<p>Gesicht und Hals; das Lymphsystem wird aktiviert, Stauungen werden zum Flie\u00dfen gebracht und das Immunsystem wird gest\u00e4rkt.<\/p>\n\n\n\n<h2 class=\"wp-block-heading\">Sanfte Gelenks- und Wirbelregulation nach Dorn-Breuss<\/h2>\n\n\n\n<p>Erstbehandlung: 80 min.<br>Folgebehandlung: 60 min.<br>Im Anschluss an eine Breuss-Massage werden Beinl\u00e4ngendifferenzen und Beckenschiefstand gemessen und, wenn m\u00f6glich, sofort ausgeglichen. Wirbel f\u00fcr Wirbel wird kontrolliert und, wenn n\u00f6tig, mit einer sanften und ungef\u00e4hrlichen Methode wieder in die richtige Position gebracht.<\/p>\n\n\n\n<h2 class=\"wp-block-heading\">Breuss-Massage (40 min)<\/h2>\n\n\n\n<p>Massage entlang der Wirbels\u00e4ule mit abschlie\u00dfendem Energieausgleich.<\/p>\n\n\n\n<h2 class=\"wp-block-heading\">Schr\u00f6pfkopfmassage (25 min)<\/h2>\n\n\n\n<p>Mit Schr\u00f6pfgl\u00e4sern werden die Muskeln gelockert, Schlacken aus dem Bindegewebe gezogen und Durchblutung sowie Energiefluss aktiviert.<\/p>\n\n\n\n<h2 class=\"wp-block-heading\">Kinesiologie &#8211; Touch For Health<\/h2>\n\n\n\n<p>Erstbehandlung: 45 min.<br>Folgebehandlung: 30 min.<br>Kinesiologisches Bio-Feedback mittels Muskeltest und das Ausgleichen verschiedener Dysbalancen durch Druck bestimmter Punkte.<\/p>\n\n\n\n<h2 class=\"wp-block-heading\">Qi-Gong (40 min)<\/h2>\n\n\n\n<p>Durch bestimmte Bewegungen in genau festgelegter Abfolge wird der K\u00f6rper mobilisiert, dadurch werden Blockaden gel\u00f6st und die universelle Energie (Qi) wird zum Flie\u00dfen gebracht.<\/p>\n\n\n\n<p>Gymnastik und Qi-Gong k\u00f6nnen nach Termin- und Preisvereinbarung auch in Gruppen ab 4 Personen angeboten werden.<\/p>\n","protected":false},"excerpt":{"rendered":"<p>Erstanmeldung in der Ordination, jede weitere Behandlung wird mit dem Masseur pers\u00f6nlich vereinbart. Bitte mitbringen: Leintuch oder Badetuch und kleines Handtuch Privatleistung! Klassische Massagen Teilmassage (25 min) Bestimmte K\u00f6rperteile (R\u00fccken, Arme, Kopf, &#8230;) werden besonders intensiv behandelt. Ganzk\u00f6rpermassage (50 min) Lockerung des gesamten Muskelapparates. Durch gesteigerte Durchblutung wird das Gewebe besser ern\u00e4hrt und entschlackt. Fu\u00dfreflexzonenmassage (25 min) Durch Anregen oder [&hellip;]<\/p>\n","protected":false},"author":1,"featured_media":73,"parent":0,"menu_order":0,"comment_status":"closed","ping_status":"closed","template":"","meta":{"footnotes":""},"class_list":["post-200","page","type-page","status-publish","has-post-thumbnail","hentry"],"_links":{"self":[{"href":"https:\/\/dr-weirer.at\/index.php?rest_route=\/wp\/v2\/pages\/200","targetHints":{"allow":["GET"]}}],"collection":[{"href":"https:\/\/dr-weirer.at\/index.php?rest_route=\/wp\/v2\/pages"}],"about":[{"href":"https:\/\/dr-weirer.at\/index.php?rest_route=\/wp\/v2\/types\/page"}],"author":[{"embeddable":true,"href":"https:\/\/dr-weirer.at\/index.php?rest_route=\/wp\/v2\/users\/1"}],"replies":[{"embeddable":true,"href":"https:\/\/dr-weirer.at\/index.php?rest_route=%2Fwp%2Fv2%2Fcomments&post=200"}],"version-history":[{"count":3,"href":"https:\/\/dr-weirer.at\/index.php?rest_route=\/wp\/v2\/pages\/200\/revisions"}],"predecessor-version":[{"id":272,"href":"https:\/\/dr-weirer.at\/index.php?rest_route=\/wp\/v2\/pages\/200\/revisions\/272"}],"wp:featuredmedia":[{"embeddable":true,"href":"https:\/\/dr-weirer.at\/index.php?rest_route=\/wp\/v2\/media\/73"}],"wp:attachment":[{"href":"https:\/\/dr-weirer.at\/index.php?rest_route=%2Fwp%2Fv2%2Fmedia&parent=200"}],"curies":[{"name":"wp","href":"https:\/\/api.w.org\/{rel}","templated":true}]}}