{"id":206,"date":"2021-03-27T02:37:24","date_gmt":"2021-03-27T01:37:24","guid":{"rendered":"http:\/\/dr-weirer.at\/?page_id=206"},"modified":"2025-07-25T11:04:43","modified_gmt":"2025-07-25T10:04:43","slug":"impfungen","status":"publish","type":"page","link":"https:\/\/dr-weirer.at\/?page_id=206","title":{"rendered":"Impfungen"},"content":{"rendered":"\n<p>Eine \u00dcbersicht \u00fcber die derzeit empfohlenen Impfungen finden sie auf <a rel=\"noreferrer noopener\" href=\"http:\/\/www.vorsorgemedizin.st\" data-type=\"URL\" data-id=\"www.vorsorgemedizin.st\" target=\"_blank\">www.vorsorgemedizin.st<\/a>.<\/p>\n\n\n\n<h2 class=\"wp-block-heading\">Grippeimpfung<\/h2>\n\n\n\n<p>Die <strong>Grippeimpfung<\/strong> sch\u00fctzt vor der gef\u00e4hrlichen echten Grippe, auch Influenza genannt. Normale Verk\u00fchlungen und grippale Infekte kann diese Impfung leider nicht verhindern.<\/p>\n\n\n\n<p><strong>Durchf\u00fchrung:<\/strong> J\u00e4hrlich<\/p>\n\n\n\n<h2 class=\"wp-block-heading\">Pneumokokken<\/h2>\n\n\n\n<p><strong>Pneumokokkenimpfung<\/strong> dient zur Vorsorge gegen eine schwere Pneumokokkenerkrankung (zum Beispiel Lungenentz\u00fcndung, Hirnhautentz\u00fcndung) und sollte Menschen ab 50 Jahren und abwehrgeschw\u00e4chten Menschen verabreicht werden.<\/p>\n\n\n\n<p><strong>Auffrischung:<\/strong> Aus derzeitiger Sicht nicht erforderlich.<\/p>\n\n\n\n<p>Informationen zur Pneumokokkenimpfung f\u00fcr S\u00e4uglinge finden Sie unter <a href=\"#kinderimpfungen\" data-type=\"internal\" data-id=\"#kinderimpfungen\">Kinderimpfungen<\/a>.<\/p>\n\n\n\n<h2 class=\"wp-block-heading\">Zeckenimpfung<\/h2>\n\n\n\n<p>Die <strong>FSME-Impfung<\/strong> (Fr\u00fchsommermeningoenzephalitis) dient zum Schutz gegen die von Zecken \u00fcbertragene Fr\u00fchsommermeningoenzephalitis.<\/p>\n\n\n\n<p><strong>Grundimmunisierung:<\/strong> Erste Impfung, nach 4 Wochen zweite Impfung, nach einem Jahr (von der ersten Impfung weg gerechnet) die dritte Impfung.<\/p>\n\n\n\n<p><strong>Auffrischung:<\/strong> Nach 3 Jahren die erste Auffrischungsimpfung. Danach sind die Intervalle f\u00fcr die Auffrischung wie folgt: Bis 65 Jahre: alle 5 Jahre, ab 65 Jahre: alle 3 Jahre<\/p>\n\n\n\n<p><strong>Bei Zeckenbissen<\/strong> sollte man, auch wenn man geimpft ist, unbedingt darauf achten, dass es zu einer Borreliose kommen kann.<br>Dies zeigt sich ca. 2 &#8211; 4 Wochen nach Kontakt mit dem Insekt als ein kreisrunder roter Fleck, der wandert und\/oder sich zentrifugal ausbreitet.<br>Sollten sie selbigen Fleck entdecken m\u00fcssen Sie UNBEDINGT den Arzt aufsuchen, da hier die Einnahme von einem Antibiotikum unumg\u00e4nglich ist, um Sp\u00e4tfolgen zu vermeiden.<\/p>\n\n\n\n<p><strong>Bei Zeckenbiss:<\/strong> Bitte sofort (egal wie) die Zecke entfernen. Sind Sie nicht geimpft, darf man fr\u00fchestens 4 Wochen nach dem Zeckenbiss geimpft werden.<\/p>\n\n\n\n<h2 class=\"wp-block-heading\">Diphterie\/Tetanus\/Pertussis\/Polio<\/h2>\n\n\n\n<p>Diese Impfung dient als Schutz gegen <strong>Diphterie<\/strong>, <strong>Wundstarrkrampf<\/strong>, <strong>Keuchhusten<\/strong> und <strong>Kinderl\u00e4hmung<\/strong>.<\/p>\n\n\n\n<p><strong>Grundimmunisierung:<\/strong> wenn nicht vorhanden &#8211; 3 Impfungen im Abstand von 0, 1, 6-12 Monaten.<\/p>\n\n\n\n<p><strong>Auffrischung:<\/strong> alle 5 Jahre (eventuell nur Diphterie\/Tetenus\/Keuchhusten).<\/p>\n\n\n\n<h2 class=\"wp-block-heading\">Meningokokken C<\/h2>\n\n\n\n<p><strong>Meningokokken<\/strong> sind Bakterien, die eine <strong>Blutvergiftung<\/strong> und <strong>Gehirnhautentz\u00fcndung<\/strong> hervorrufen. Die Erkrankungen k\u00f6nnen so schnell verlaufen, dass selbst eine intensivmedizinische Behandlung den Tod oder bleibende Folgesch\u00e4den nicht verhindern k\u00f6nnen.<br>Hauptbetroffen sind neben Kleinkindern vor allem Jugendliche, denn in diesem Alter werden besonders viele soziale Kontakte gepflegt. Besonders empfohlen werden diese Impfungen daher allen Kindern vor Eintritt in eine Gemeinschaftseinrichtung und vor Sch\u00fclerreisen nach West- und S\u00fcdeuropa. Etwa 30 % der Erkrankungen &#8211; mit steigender Tendenz gerade bei Teenagern &#8211; sind durch Meningokokken der Gruppe C hervorgerufen.<\/p>\n\n\n\n<p>Die Impfung ist ab dem vollendeten 2. Lebensmonat m\u00f6glich, ab dem 2. Lebensjahr aber dringend empfohlen. Je nach Alter des Impflings kann es sinnvoll sein, nach einem gewissen Zeitraum eine einmalige Auffrischung durchzuf\u00fchren.<\/p>\n\n\n\n<h2 class=\"wp-block-heading\">HPV<\/h2>\n\n\n\n<p><strong>Humane Papillomaviren der Typen 16 und 18, bei einem Impfstoff auch 6, 11:<\/strong><\/p>\n\n\n\n<p>Zu empfehlen f\u00fcr alle M\u00e4dchen und Buben vor Eintritt des geschlechtsreifen Alters, die Impfung ist ab dem 9. Lebensjahr m\u00f6glich. Sie dient zur Verhinderung des Geb\u00e4rmutterhalskrebses sowie von sogenannten Feigwarzen.<\/p>\n\n\n\n<p><strong>Grundimmunisierung<\/strong>: 2 oder 3 Impfungen, abh\u00e4ngig vom Zeitpunkt der Erstimpfung.<\/p>\n\n\n\n<h2 class=\"wp-block-heading\">G\u00fcrtelrose (Herpes zoster)<\/h2>\n\n\n\n<p>Durch lebenslangen Verbleib des Varizella-Zoster-Virus nach der Varizellen-Erkrankung (Feuchtblattern, Schafblattern) kommt es bei Reaktivierung des Virus nach Jahren oder Jahrzehnten zum Krankheitsbild der <strong>G\u00fcrtelrose<\/strong>.<\/p>\n\n\n\n<p>Dieses Krankheitsbild betrifft zirka 15% aller Personen, wobei die H\u00e4ufigkeit mit dem Alter zunimmt und 50% der Erkrankungsf\u00e4lle in der Altersgruppe \u00fcber 50 Jahre auftreten.<\/p>\n\n\n\n<p>Die als Komplikation als Folge der G\u00fcrtelrose auftretenden, oft monatelang dauernden, heftigen Schmerzzust\u00e4nde (postherpetische Neuralgie) sind mit zunehmendem Alter h\u00e4ufiger (50% bei den &gt;70-J\u00e4hrigen). Es steht ein Impfstoff zur Prophylaxe gegen Herpes zoster zur Verf\u00fcgung, welcher das Auftreten des Herpes zoster in dieser Altersgruppe um die H\u00e4lfte und die der postherpetischen Neuralgie um 2\/3 verringert.<\/p>\n\n\n\n<p>Die einmalig durchzuf\u00fchrende Impfung ist empfohlen f\u00fcr Personen ab dem Alter von 50 Jahren.<\/p>\n\n\n\n<h2 class=\"wp-block-heading\">Masern\/Mumps\/R\u00f6teln<\/h2>\n\n\n\n<p>Bei fehlender Immunit\u00e4t oder fehlender Impfdokumentation kann die MMR-Impfung in jedem Lebensalter nachgeholt werden. Derzeit ist diese Impfung in \u00d6sterreich auf Grund der starken Masernvirusaktivit\u00e4t in Europa kostenfrei erh\u00e4ltlich.<\/p>\n\n\n\n<h2 class=\"wp-block-heading\" id=\"kinderimpfungen\">Kinderimpfungen<\/h2>\n\n\n\n<p><strong>Rotavirus:<\/strong><br>Je nach verwendetem Impfstoff 2 oder 3 (Schluck-)Impfungen im Abstand von mindestens 4 Wochen.<br>Ab der 7. Lebenswoche bis zum 6. Lebensmonat.<\/p>\n\n\n\n<p><strong>6fach-Impfung (Di\/Te\/Polio\/Pertussis\/HepB\/Haemophilus TypB):<\/strong><br>2 Impfungen im 3. und 5. Lebensmonat.<br>Die 3. Impfung erfolgt ab dem 12. Lebensmonat.<\/p>\n\n\n\n<p><strong>Pneumokokken (f\u00fcr Kinder):<\/strong><br>2 Impfungen im 3. und 5. Lebensmonat.<br>Die 3. Impfung erfolgt ab dem 12. Lebensmonat.<\/p>\n\n\n\n<p><strong>Masern-Mumps-R\u00f6teln (MMR):<\/strong><br>Erste Impfung im 11. Lebensmonat, zweite Impfung mindestens 4 Wochen sp\u00e4ter.<\/p>\n\n\n\n<h2 class=\"wp-block-heading\">Reiseimpfungen<\/h2>\n\n\n\n<p>Wir erstellen Ihnen gerne einen individuellen Reiseimpfplan nach den aktuellen Richtlinien.<\/p>\n","protected":false},"excerpt":{"rendered":"<p>Eine \u00dcbersicht \u00fcber die derzeit empfohlenen Impfungen finden sie auf www.vorsorgemedizin.st. Grippeimpfung Die Grippeimpfung sch\u00fctzt vor der gef\u00e4hrlichen echten Grippe, auch Influenza genannt. Normale Verk\u00fchlungen und grippale Infekte kann diese Impfung leider nicht verhindern. Durchf\u00fchrung: J\u00e4hrlich Pneumokokken Pneumokokkenimpfung dient zur Vorsorge gegen eine schwere Pneumokokkenerkrankung (zum Beispiel Lungenentz\u00fcndung, Hirnhautentz\u00fcndung) und sollte Menschen ab 50 Jahren und abwehrgeschw\u00e4chten Menschen verabreicht werden. [&hellip;]<\/p>\n","protected":false},"author":1,"featured_media":0,"parent":0,"menu_order":0,"comment_status":"closed","ping_status":"closed","template":"","meta":{"footnotes":""},"class_list":["post-206","page","type-page","status-publish","hentry"],"_links":{"self":[{"href":"https:\/\/dr-weirer.at\/index.php?rest_route=\/wp\/v2\/pages\/206","targetHints":{"allow":["GET"]}}],"collection":[{"href":"https:\/\/dr-weirer.at\/index.php?rest_route=\/wp\/v2\/pages"}],"about":[{"href":"https:\/\/dr-weirer.at\/index.php?rest_route=\/wp\/v2\/types\/page"}],"author":[{"embeddable":true,"href":"https:\/\/dr-weirer.at\/index.php?rest_route=\/wp\/v2\/users\/1"}],"replies":[{"embeddable":true,"href":"https:\/\/dr-weirer.at\/index.php?rest_route=%2Fwp%2Fv2%2Fcomments&post=206"}],"version-history":[{"count":3,"href":"https:\/\/dr-weirer.at\/index.php?rest_route=\/wp\/v2\/pages\/206\/revisions"}],"predecessor-version":[{"id":835,"href":"https:\/\/dr-weirer.at\/index.php?rest_route=\/wp\/v2\/pages\/206\/revisions\/835"}],"wp:attachment":[{"href":"https:\/\/dr-weirer.at\/index.php?rest_route=%2Fwp%2Fv2%2Fmedia&parent=206"}],"curies":[{"name":"wp","href":"https:\/\/api.w.org\/{rel}","templated":true}]}}