{"id":242,"date":"2021-03-27T03:16:42","date_gmt":"2021-03-27T02:16:42","guid":{"rendered":"http:\/\/dr-weirer.at\/?page_id=242"},"modified":"2025-06-03T10:55:52","modified_gmt":"2025-06-03T09:55:52","slug":"impressum","status":"publish","type":"page","link":"https:\/\/dr-weirer.at\/?page_id=242","title":{"rendered":"Impressum"},"content":{"rendered":"\n<h2 class=\"wp-block-heading\">Informationen gem\u00e4\u00df \u00a7 5 (1) E-Commerce-Gesetz<\/h2>\n\n\n\n<div class=\"wp-block-media-text alignwide has-media-on-the-right is-stacked-on-mobile is-vertically-aligned-top\" style=\"grid-template-columns:auto 27%\"><div class=\"wp-block-media-text__content\">\n<p><strong>Diensteanbieter:<\/strong><br>Dr. Andreas Weirer<br>Facharzt f\u00fcr Allgemein- und Familienmedizin<\/p>\n\n\n\n<p><strong>Adresse:<\/strong><br>Passh\u00f6he 3<br>2680 Semmering<br>\u00d6sterreich &#8211; Austria<\/p>\n\n\n\n<p><strong>Telefon:<\/strong><br>+43 (0)2664-2262-0<\/p>\n\n\n\n<p><strong>Telefax:<\/strong><br>+43 (0)2664-2262-4<\/p>\n\n\n\n<p><strong>E-Mail:<\/strong><br><a href=\"mailto:ordination@dr-weirer.at\">ordination@dr-weirer.at<\/a><\/p>\n\n\n\n<p><strong>Kammerzugeh\u00f6rigkeit:<\/strong><br><a href=\"http:\/\/www.arztnoe.at\" target=\"_blank\" rel=\"noreferrer noopener\">\u00c4rztekammer f\u00fcr Nieder\u00f6sterreich, 1010 Wien<\/a><\/p>\n\n\n\n<p><strong>Umsatzsteuer-Identifikationsnummer:<\/strong><br>ATU 55 48 44 07<\/p>\n<\/div><figure class=\"wp-block-media-text__media\"><img decoding=\"async\" src=\"https:\/\/dr-weirer.at\/wp-content\/uploads\/2021\/03\/arzt1.jpg\" alt=\"\" class=\"wp-image-93 size-full\"\/><\/figure><\/div>\n","protected":false},"excerpt":{"rendered":"<p>Informationen gem\u00e4\u00df \u00a7 5 (1) E-Commerce-Gesetz Diensteanbieter:Dr. Andreas WeirerFacharzt f\u00fcr Allgemein- und Familienmedizin Adresse:Passh\u00f6he 32680 Semmering\u00d6sterreich &#8211; Austria Telefon:+43 (0)2664-2262-0 Telefax:+43 (0)2664-2262-4 E-Mail:ordination@dr-weirer.at Kammerzugeh\u00f6rigkeit:\u00c4rztekammer f\u00fcr Nieder\u00f6sterreich, 1010 Wien Umsatzsteuer-Identifikationsnummer:ATU 55 48 44 07<\/p>\n","protected":false},"author":1,"featured_media":0,"parent":0,"menu_order":0,"comment_status":"closed","ping_status":"closed","template":"","meta":{"footnotes":""},"class_list":["post-242","page","type-page","status-publish","hentry"],"_links":{"self":[{"href":"https:\/\/dr-weirer.at\/index.php?rest_route=\/wp\/v2\/pages\/242","targetHints":{"allow":["GET"]}}],"collection":[{"href":"https:\/\/dr-weirer.at\/index.php?rest_route=\/wp\/v2\/pages"}],"about":[{"href":"https:\/\/dr-weirer.at\/index.php?rest_route=\/wp\/v2\/types\/page"}],"author":[{"embeddable":true,"href":"https:\/\/dr-weirer.at\/index.php?rest_route=\/wp\/v2\/users\/1"}],"replies":[{"embeddable":true,"href":"https:\/\/dr-weirer.at\/index.php?rest_route=%2Fwp%2Fv2%2Fcomments&post=242"}],"version-history":[{"count":2,"href":"https:\/\/dr-weirer.at\/index.php?rest_route=\/wp\/v2\/pages\/242\/revisions"}],"predecessor-version":[{"id":819,"href":"https:\/\/dr-weirer.at\/index.php?rest_route=\/wp\/v2\/pages\/242\/revisions\/819"}],"wp:attachment":[{"href":"https:\/\/dr-weirer.at\/index.php?rest_route=%2Fwp%2Fv2%2Fmedia&parent=242"}],"curies":[{"name":"wp","href":"https:\/\/api.w.org\/{rel}","templated":true}]}}