{"id":244,"date":"2021-03-27T03:17:47","date_gmt":"2021-03-27T02:17:47","guid":{"rendered":"http:\/\/dr-weirer.at\/?page_id=244"},"modified":"2021-03-27T03:22:29","modified_gmt":"2021-03-27T02:22:29","slug":"datenschutz","status":"publish","type":"page","link":"https:\/\/dr-weirer.at\/?page_id=244","title":{"rendered":"Datenschutz"},"content":{"rendered":"\n<h2 class=\"wp-block-heading\">Datenschutzerkl\u00e4rung gem\u00e4\u00df Art 13 f DSGVO<\/h2>\n\n\n\n<div class=\"wp-block-media-text alignwide has-media-on-the-right is-stacked-on-mobile is-vertically-aligned-top\" style=\"grid-template-columns:auto 28%\"><figure class=\"wp-block-media-text__media\"><img decoding=\"async\" src=\"https:\/\/dr-weirer.at\/wp-content\/uploads\/2021\/03\/arzt1.jpg\" alt=\"\" class=\"wp-image-93 size-full\"\/><\/figure><div class=\"wp-block-media-text__content\">\n<p>Der Schutz Ihrer pers\u00f6nlichen Daten ist uns sehr wichtig. Nachfolgend informieren wir Sie \u00fcber die Datenverarbeitung im Rahmen unserer Website.<br><br><strong>Der Verantwortliche f\u00fcr die Verarbeitung ist:<\/strong><br>Dr. Andreas Weirer, Passh\u00f6he 3, 2680 Semmering<br>Ein Datenschutzbeauftragter ist nicht bestellt.<\/p>\n\n\n\n<p><strong>Details zur Datenverarbeitung:<\/strong><br>Beim Besuch einer Website werden bestimmte Informationen automatisch generiert und gespeichert. Wenn Sie unsere Website besuchen, speichert unser Webserver (Computer auf dem diese Webseite gespeichert ist) automatisch folgende Daten:<br>&#8211; die Adresse (URL) der aufgerufenen Webseite<br>&#8211; Browser und Browserversion<br>&#8211; das verwendete Betriebssystem<br>&#8211; Menge der \u00fcbermittelten Daten<br>&#8211; die Adresse (URL) der zuvor besuchten Seite (Referrer URL)<br>&#8211; den Hostname und die IP-Adresse des Ger\u00e4ts von welchem aus zugegriffen wird<br>&#8211; Datum und Uhrzeit<br>Auf Basis der IP-Adresse zusammen mit dem Zeitpunkt des Zugriffs l\u00e4sst sich der Anschlussinhaber des Internetzugangs identifizieren. Allerdings braucht man hierf\u00fcr die Mithilfe des Internet-Providers des Anschlussinhabers. Eine dar\u00fcber hinausgehende Datenverarbeitung (Cookies, Tracking etc.) findet im Zusammenhang mit dem Besuch unserer Website nicht statt. Es finden keine automatisierten Einzelentscheidungen statt.<br><br><strong>Die Daten werden f\u00fcr folgende Zwecke verwendet:<\/strong><br>Verwaltung dieser Website. Eine Weiterverwendung von Daten f\u00fcr andere Zwecke findet nicht statt.<br><br><strong>Rechtsgrundlage der Verarbeitung:<\/strong><br>Wir verarbeiten Ihre personenbezogenen Daten auf Grundlage unseres \u00fcberwiegenden berechtigten Interesses: Die gegenst\u00e4ndlichen Datenverarbeitungen sind f\u00fcr die Verwaltung und die Aufrechterhaltung der generellen Funktionsf\u00e4higkeit einer Website erforderlich. Ohne die Verarbeitung dieser Daten w\u00e4re der Betrieb dieser Website daher nicht m\u00f6glich. Die Verwendung der Website durch die Nutzer erfolgt auf freiwilliger Basis und stellt keine Voraussetzung f\u00fcr die Inanspruchnahme unserer Leistungen dar.<br><br><strong>L\u00f6schfristen:<\/strong><br>Diese Daten werden nur so lange gespeichert, als dies technisch und organisatorisch erforderlich ist.<br><br><strong>Auftragsverarbeiter:<\/strong><br>Zur Verwaltung dieser Website bedienen wir uns eines Auftragsverarbeiters:<br>Conicode<br>Michael Sedlak<br>Pottendorferstra\u00dfe 62<br>2486 Siegersdorf<br><a href=\"https:\/\/conicode.at\/\" target=\"_blank\" rel=\"noreferrer noopener\">conicode.at<\/a><br><br><strong>Empf\u00e4nger von Daten\/\u00dcbermittlung an Drittl\u00e4nder:<\/strong><br>Daten zur Verwaltung der Website werden nur \u00fcbermittelt, wenn ein Angriff oder ein illegaler Zugriff vermutet wird und zur Kl\u00e4rung und Verfolgung die Daten an technische Fachleute und Sicherheitsbeh\u00f6rden weitergeleitet werden. Weiters k\u00f6nnen wir nicht ausschlie\u00dfen, dass diese Daten beim Vorliegen von rechtswidrigem Verhalten von Strafverfolgungsbeh\u00f6rden eingesehen werden.<br>Die Daten werden nicht an Empf\u00e4nger in Drittl\u00e4ndern oder internationale Organisationen \u00fcbermittelt.<br><br><strong>Rechte laut Datenschutzgrundverordnung:<\/strong><br>Ihnen stehen laut den Bestimmungen der DSGVO und des \u00f6sterreichischen Datenschutzgesetzes (DSG) grunds\u00e4tzlich die folgende Rechte zu:<br>&#8211; Recht auf Auskunft (Art 15 DSGVO)<br>&#8211; Recht auf Berichtung (Art 16 DSGVO)<br>&#8211; Recht auf L\u00f6schung (Art 17 DSGVO)<br>&#8211; Recht auf Einschr\u00e4nkung der Verarbeitung (Art 18 DSGVO)<br>&#8211; Widerspruchsrecht (Art 21 DSGVO)<br>Die Aus\u00fcbung des Rechtes auf Einschr\u00e4nkung der Verarbeitung und des Widerspruchsrechts kann aufgrund der weltweiten Abrufbarkeit der Website ohne vorherige Identit\u00e4tsfeststellung des Nutzers technisch nicht gew\u00e4hrleistet werden.<br><br><strong>Datenschutzbeh\u00f6rde:<\/strong><br>Wenn Sie glauben, dass die Verarbeitung Ihrer Daten gegen das Datenschutzrecht verst\u00f6\u00dft oder Ihre datenschutzrechtlichen Anspr\u00fcche sonst in einer Weise verletzt worden sind, k\u00f6nnen Sie sich an die Datenschutzbeh\u00f6rde <a rel=\"noreferrer noopener\" href=\"https:\/\/www.dsb.gv.at\" target=\"_blank\">( https:\/\/www.dsb.gv.at )<\/a> wenden.<br><br>Hinsichtlich der im \u00c4rztegesetz 1998 vorgesehenen Datenverarbeitungen sind die Rechte und Pflichten gem\u00e4\u00df Art 13, 14, 18 und 21 DSGVO ausgeschlossen (\u00a73b Abs 2 \u00c4rztegesetz 1998).<\/p>\n<\/div><\/div>\n","protected":false},"excerpt":{"rendered":"<p>Datenschutzerkl\u00e4rung gem\u00e4\u00df Art 13 f DSGVO Der Schutz Ihrer pers\u00f6nlichen Daten ist uns sehr wichtig. Nachfolgend informieren wir Sie \u00fcber die Datenverarbeitung im Rahmen unserer Website. Der Verantwortliche f\u00fcr die Verarbeitung ist:Dr. Andreas Weirer, Passh\u00f6he 3, 2680 SemmeringEin Datenschutzbeauftragter ist nicht bestellt. Details zur Datenverarbeitung:Beim Besuch einer Website werden bestimmte Informationen automatisch generiert und gespeichert. Wenn Sie unsere Website besuchen, [&hellip;]<\/p>\n","protected":false},"author":1,"featured_media":0,"parent":0,"menu_order":0,"comment_status":"closed","ping_status":"closed","template":"","meta":{"footnotes":""},"class_list":["post-244","page","type-page","status-publish","hentry"],"_links":{"self":[{"href":"https:\/\/dr-weirer.at\/index.php?rest_route=\/wp\/v2\/pages\/244","targetHints":{"allow":["GET"]}}],"collection":[{"href":"https:\/\/dr-weirer.at\/index.php?rest_route=\/wp\/v2\/pages"}],"about":[{"href":"https:\/\/dr-weirer.at\/index.php?rest_route=\/wp\/v2\/types\/page"}],"author":[{"embeddable":true,"href":"https:\/\/dr-weirer.at\/index.php?rest_route=\/wp\/v2\/users\/1"}],"replies":[{"embeddable":true,"href":"https:\/\/dr-weirer.at\/index.php?rest_route=%2Fwp%2Fv2%2Fcomments&post=244"}],"version-history":[{"count":4,"href":"https:\/\/dr-weirer.at\/index.php?rest_route=\/wp\/v2\/pages\/244\/revisions"}],"predecessor-version":[{"id":253,"href":"https:\/\/dr-weirer.at\/index.php?rest_route=\/wp\/v2\/pages\/244\/revisions\/253"}],"wp:attachment":[{"href":"https:\/\/dr-weirer.at\/index.php?rest_route=%2Fwp%2Fv2%2Fmedia&parent=244"}],"curies":[{"name":"wp","href":"https:\/\/api.w.org\/{rel}","templated":true}]}}