{"id":254,"date":"2021-03-27T03:30:47","date_gmt":"2021-03-27T02:30:47","guid":{"rendered":"http:\/\/dr-weirer.at\/?page_id=254"},"modified":"2025-06-03T11:08:31","modified_gmt":"2025-06-03T10:08:31","slug":"anfahrt","status":"publish","type":"page","link":"https:\/\/dr-weirer.at\/?page_id=254","title":{"rendered":"Anfahrt"},"content":{"rendered":"\n<p><strong>Dr. Andreas Weirer<\/strong><br>Facharzt f\u00fcr Allgemein- und Familienmedizin<br>Passh\u00f6he 3<br>2680 Semmering<br>\u00d6sterreich &#8211; Austria<\/p>\n\n\n\n<p><\/p>\n","protected":false},"excerpt":{"rendered":"<p>Dr. Andreas WeirerFacharzt f\u00fcr Allgemein- und FamilienmedizinPassh\u00f6he 32680 Semmering\u00d6sterreich &#8211; Austria<\/p>\n","protected":false},"author":1,"featured_media":0,"parent":0,"menu_order":0,"comment_status":"closed","ping_status":"closed","template":"","meta":{"footnotes":""},"class_list":["post-254","page","type-page","status-publish","hentry"],"_links":{"self":[{"href":"https:\/\/dr-weirer.at\/index.php?rest_route=\/wp\/v2\/pages\/254","targetHints":{"allow":["GET"]}}],"collection":[{"href":"https:\/\/dr-weirer.at\/index.php?rest_route=\/wp\/v2\/pages"}],"about":[{"href":"https:\/\/dr-weirer.at\/index.php?rest_route=\/wp\/v2\/types\/page"}],"author":[{"embeddable":true,"href":"https:\/\/dr-weirer.at\/index.php?rest_route=\/wp\/v2\/users\/1"}],"replies":[{"embeddable":true,"href":"https:\/\/dr-weirer.at\/index.php?rest_route=%2Fwp%2Fv2%2Fcomments&post=254"}],"version-history":[{"count":4,"href":"https:\/\/dr-weirer.at\/index.php?rest_route=\/wp\/v2\/pages\/254\/revisions"}],"predecessor-version":[{"id":825,"href":"https:\/\/dr-weirer.at\/index.php?rest_route=\/wp\/v2\/pages\/254\/revisions\/825"}],"wp:attachment":[{"href":"https:\/\/dr-weirer.at\/index.php?rest_route=%2Fwp%2Fv2%2Fmedia&parent=254"}],"curies":[{"name":"wp","href":"https:\/\/api.w.org\/{rel}","templated":true}]}}