{"id":28,"date":"2021-03-26T21:44:05","date_gmt":"2021-03-26T21:44:05","guid":{"rendered":"http:\/\/dr-weirer.at\/?page_id=28"},"modified":"2025-12-21T12:01:51","modified_gmt":"2025-12-21T11:01:51","slug":"willkommen-in-unserer-ordination","status":"publish","type":"page","link":"https:\/\/dr-weirer.at\/","title":{"rendered":"Home"},"content":{"rendered":"\n<h2 class=\"wp-block-heading\" style=\"font-size:52px\"><strong>Willkommen in unserer Ordination!<\/strong><\/h2>\n\n\n\n<div style=\"height:50px\" aria-hidden=\"true\" class=\"wp-block-spacer\"><\/div>\n\n\n\n<div class=\"wp-block-columns is-layout-flex wp-container-core-columns-is-layout-9d6595d7 wp-block-columns-is-layout-flex\">\n<div class=\"wp-block-column is-layout-flow wp-block-column-is-layout-flow\" style=\"flex-basis:33.33%\">\n<figure class=\"wp-block-gallery has-nested-images columns-0 is-cropped wp-block-gallery-1 is-layout-flex wp-block-gallery-is-layout-flex\">\n<figure class=\"wp-block-image size-medium\"><img loading=\"lazy\" decoding=\"async\" width=\"300\" height=\"226\" data-id=\"66\" src=\"https:\/\/dr-weirer.at\/wp-content\/uploads\/2021\/03\/anmeld1-300x226.jpg\" alt=\"\" class=\"wp-image-66\" srcset=\"https:\/\/dr-weirer.at\/wp-content\/uploads\/2021\/03\/anmeld1-300x226.jpg 300w, https:\/\/dr-weirer.at\/wp-content\/uploads\/2021\/03\/anmeld1.jpg 399w\" sizes=\"auto, (max-width: 300px) 100vw, 300px\" \/><\/figure>\n\n\n\n<figure class=\"wp-block-image size-medium\"><img loading=\"lazy\" decoding=\"async\" width=\"300\" height=\"115\" data-id=\"67\" src=\"https:\/\/dr-weirer.at\/wp-content\/uploads\/2021\/03\/arzt-300x115.jpg\" alt=\"Ordination\" class=\"wp-image-67\" srcset=\"https:\/\/dr-weirer.at\/wp-content\/uploads\/2021\/03\/arzt-300x115.jpg 300w, https:\/\/dr-weirer.at\/wp-content\/uploads\/2021\/03\/arzt.jpg 650w\" sizes=\"auto, (max-width: 300px) 100vw, 300px\" \/><\/figure>\n\n\n\n<figure class=\"wp-block-image size-medium\"><img loading=\"lazy\" decoding=\"async\" width=\"300\" height=\"225\" data-id=\"851\" src=\"https:\/\/dr-weirer.at\/wp-content\/uploads\/2025\/12\/IMG_3142-300x225.jpeg\" alt=\"\" class=\"wp-image-851\" srcset=\"https:\/\/dr-weirer.at\/wp-content\/uploads\/2025\/12\/IMG_3142-300x225.jpeg 300w, https:\/\/dr-weirer.at\/wp-content\/uploads\/2025\/12\/IMG_3142-1024x768.jpeg 1024w, https:\/\/dr-weirer.at\/wp-content\/uploads\/2025\/12\/IMG_3142-768x576.jpeg 768w, https:\/\/dr-weirer.at\/wp-content\/uploads\/2025\/12\/IMG_3142-1536x1152.jpeg 1536w, https:\/\/dr-weirer.at\/wp-content\/uploads\/2025\/12\/IMG_3142.jpeg 2016w\" sizes=\"auto, (max-width: 300px) 100vw, 300px\" \/><\/figure>\n<\/figure>\n<\/div>\n\n\n\n<div class=\"wp-block-column is-layout-flow wp-block-column-is-layout-flow\" style=\"flex-basis:66.66%\">\n<div class=\"wp-block-group\"><div class=\"wp-block-group__inner-container is-layout-flow wp-block-group-is-layout-flow\">\n<h2 class=\"wp-block-heading\">Aktuelles<\/h2>\n\n\n<ul class=\"wp-block-latest-posts__list noLinks wp-block-latest-posts\"><li><a class=\"wp-block-latest-posts__post-title\" href=\"https:\/\/dr-weirer.at\/?p=481\">\u00d6ffentliches Impfprogramm<\/a><div class=\"wp-block-latest-posts__post-full-content\"><!-- wp:paragraph -->\n<p>Anmeldungen f\u00fcr Impfungen gegen COVID-19, Influenza, G\u00fcrtelrose und Pneumokokken sind jederzeit m\u00f6glich.<br>Wir bitten um Kontaktaufnahme zu den Ordinationszeiten.<\/p>\n<!-- \/wp:paragraph -->\n\n<!-- wp:paragraph -->\n<p><\/p>\n<!-- \/wp:paragraph --><\/div><\/li>\n<\/ul><\/div><\/div>\n<\/div>\n<\/div>\n\n\n\n<div class=\"wp-block-columns is-layout-flex wp-container-core-columns-is-layout-9d6595d7 wp-block-columns-is-layout-flex\">\n<div class=\"wp-block-column is-layout-flow wp-block-column-is-layout-flow\">\n<div class=\"wp-block-group\"><div class=\"wp-block-group__inner-container is-layout-flow wp-block-group-is-layout-flow\">\n<h2 class=\"wp-block-heading\">Notrufe<\/h2>\n\n\n\n<figure class=\"wp-block-table is-style-stripes\"><table><tbody><tr><td>Rettung<\/td><td>144<\/td><\/tr><tr><td>Polizei<\/td><td>133<\/td><\/tr><tr><td>Feuerwehr<\/td><td>122<\/td><\/tr><tr><td>Bergrettung<\/td><td>140<\/td><\/tr><tr><td>\u00c4rztlicher Bereitschaftsdienst<\/td><td>141<\/td><\/tr><\/tbody><\/table><\/figure>\n<\/div><\/div>\n<\/div>\n\n\n\n<div class=\"wp-block-column is-layout-flow wp-block-column-is-layout-flow\">\n<div class=\"wp-block-group\"><div class=\"wp-block-group__inner-container is-layout-flow wp-block-group-is-layout-flow\">\n<h2 class=\"wp-block-heading\">Krankentransporte<\/h2>\n\n\n\n<figure class=\"wp-block-table is-style-stripes\"><table><tbody><tr><td class=\"has-text-align-left\" data-align=\"left\">Rotes Kreuz Gloggnitz<\/td><td>14844<\/td><\/tr><tr><td class=\"has-text-align-left\" data-align=\"left\">Rotes Kreuz M\u00fcrzzuschlag<\/td><td>14844<\/td><\/tr><tr><td class=\"has-text-align-left\" data-align=\"left\">Samariterbund Langenwang<\/td><td>03854\/3177<\/td><\/tr><\/tbody><\/table><\/figure>\n\n\n\n<p><\/p>\n<\/div><\/div>\n\n\n\n<div class=\"wp-block-group\"><div class=\"wp-block-group__inner-container is-layout-flow wp-block-group-is-layout-flow\">\n<p><\/p>\n<\/div><\/div>\n<\/div>\n<\/div>\n","protected":false},"excerpt":{"rendered":"<p>Willkommen in unserer Ordination! Aktuelles Notrufe Rettung 144 Polizei 133 Feuerwehr 122 Bergrettung 140 \u00c4rztlicher Bereitschaftsdienst 141 Krankentransporte Rotes Kreuz Gloggnitz 14844 Rotes Kreuz M\u00fcrzzuschlag 14844 Samariterbund Langenwang 03854\/3177<\/p>\n","protected":false},"author":1,"featured_media":0,"parent":0,"menu_order":0,"comment_status":"closed","ping_status":"closed","template":"","meta":{"footnotes":""},"class_list":["post-28","page","type-page","status-publish","hentry"],"_links":{"self":[{"href":"https:\/\/dr-weirer.at\/index.php?rest_route=\/wp\/v2\/pages\/28","targetHints":{"allow":["GET"]}}],"collection":[{"href":"https:\/\/dr-weirer.at\/index.php?rest_route=\/wp\/v2\/pages"}],"about":[{"href":"https:\/\/dr-weirer.at\/index.php?rest_route=\/wp\/v2\/types\/page"}],"author":[{"embeddable":true,"href":"https:\/\/dr-weirer.at\/index.php?rest_route=\/wp\/v2\/users\/1"}],"replies":[{"embeddable":true,"href":"https:\/\/dr-weirer.at\/index.php?rest_route=%2Fwp%2Fv2%2Fcomments&post=28"}],"version-history":[{"count":30,"href":"https:\/\/dr-weirer.at\/index.php?rest_route=\/wp\/v2\/pages\/28\/revisions"}],"predecessor-version":[{"id":855,"href":"https:\/\/dr-weirer.at\/index.php?rest_route=\/wp\/v2\/pages\/28\/revisions\/855"}],"wp:attachment":[{"href":"https:\/\/dr-weirer.at\/index.php?rest_route=%2Fwp%2Fv2%2Fmedia&parent=28"}],"curies":[{"name":"wp","href":"https:\/\/api.w.org\/{rel}","templated":true}]}}